{"id":1952,"date":"2023-12-06T13:16:22","date_gmt":"2023-12-06T18:16:22","guid":{"rendered":"https:\/\/embauche-internationale.ca\/employe\/?page_id=1952"},"modified":"2024-01-03T11:58:59","modified_gmt":"2024-01-03T16:58:59","slug":"programme-ptet","status":"publish","type":"page","link":"https:\/\/embauche-internationale.ca\/employe\/programme-ptet\/","title":{"rendered":"Programme PTET"},"content":{"rendered":"\t\t<div data-elementor-type=\"wp-page\" data-elementor-id=\"1952\" class=\"elementor elementor-1952\" data-elementor-post-type=\"page\">\n\t\t\t\t<div class=\"elementor-element elementor-element-c28357b e-flex e-con-boxed e-con e-parent\" data-id=\"c28357b\" data-element_type=\"container\">\n\t\t\t\t\t<div class=\"e-con-inner\">\n\t\t<div class=\"elementor-element elementor-element-7ff149c e-con-full e-flex e-con e-child\" data-id=\"7ff149c\" data-element_type=\"container\" data-settings=\"{&quot;background_background&quot;:&quot;classic&quot;}\">\n\t\t\t\t<div class=\"elementor-element elementor-element-7b607a1 elementor-widget elementor-widget-heading\" data-id=\"7b607a1\" data-element_type=\"widget\" data-widget_type=\"heading.default\">\n\t\t\t\t<div class=\"elementor-widget-container\">\n\t\t\t<style>\/*! elementor - v3.22.0 - 26-06-2024 *\/\n.elementor-heading-title{padding:0;margin:0;line-height:1}.elementor-widget-heading .elementor-heading-title[class*=elementor-size-]>a{color:inherit;font-size:inherit;line-height:inherit}.elementor-widget-heading .elementor-heading-title.elementor-size-small{font-size:15px}.elementor-widget-heading .elementor-heading-title.elementor-size-medium{font-size:19px}.elementor-widget-heading .elementor-heading-title.elementor-size-large{font-size:29px}.elementor-widget-heading .elementor-heading-title.elementor-size-xl{font-size:39px}.elementor-widget-heading .elementor-heading-title.elementor-size-xxl{font-size:59px}<\/style><h2 class=\"elementor-heading-title elementor-size-default\">Programme canadien PTET<br> (Le programme des travailleurs \u00e9trangers temporaires)<\/h2>\t\t<\/div>\n\t\t\t\t<\/div>\n\t\t\t\t<div class=\"elementor-element elementor-element-db91bf5 elementor-widget elementor-widget-text-editor\" data-id=\"db91bf5\" data-element_type=\"widget\" data-widget_type=\"text-editor.default\">\n\t\t\t\t<div class=\"elementor-widget-container\">\n\t\t\t<style>\/*! elementor - v3.22.0 - 26-06-2024 *\/\n.elementor-widget-text-editor.elementor-drop-cap-view-stacked .elementor-drop-cap{background-color:#69727d;color:#fff}.elementor-widget-text-editor.elementor-drop-cap-view-framed .elementor-drop-cap{color:#69727d;border:3px solid;background-color:transparent}.elementor-widget-text-editor:not(.elementor-drop-cap-view-default) .elementor-drop-cap{margin-top:8px}.elementor-widget-text-editor:not(.elementor-drop-cap-view-default) .elementor-drop-cap-letter{width:1em;height:1em}.elementor-widget-text-editor .elementor-drop-cap{float:left;text-align:center;line-height:1;font-size:50px}.elementor-widget-text-editor .elementor-drop-cap-letter{display:inline-block}<\/style>\t\t\t\t<p>Le nouveau programme canadien PTET, qui vise \u00e0 faciliter l&#8217;immigration au Qu\u00e9bec, offre de nombreuses opportunit\u00e9s pour les personnes qui souhaitent s&#8217;\u00e9tablir dans cette magnifique province francophone. Gr\u00e2ce \u00e0 cet accord unique entre le Canada et le Qu\u00e9bec, les immigrants ont la possibilit\u00e9 de vivre dans une soci\u00e9t\u00e9 chaleureuse, dynamique et culturellement riche.<\/p><p>Le programme TET permet de s\u00e9lectionner les immigrants en fonction de leurs comp\u00e9tences, de leur exp\u00e9rience de travail et de leur capacit\u00e9 \u00e0 s&#8217;int\u00e9grer \u00e0 la soci\u00e9t\u00e9 qu\u00e9b\u00e9coise. Le Qu\u00e9bec estime que chaque immigrant a le potentiel de contribuer positivement \u00e0 la prosp\u00e9rit\u00e9 de la province.<\/p><p>En choisissant de s&#8217;\u00e9tablir au Qu\u00e9bec, les immigrants auront acc\u00e8s \u00e0 un syst\u00e8me \u00e9ducatif de qualit\u00e9, \u00e0 des services de sant\u00e9 de premier ordre ainsi qu&#8217;\u00e0 de nombreuses opportunit\u00e9s professionnelles. De plus, la province offre un environnement s\u00e9curitaire et une qualit\u00e9 de vie exceptionnelle, avec ses paysages \u00e0 couper le souffle et sa richesse culturelle.<\/p><p>Le Qu\u00e9bec est heureux d&#8217;accueillir de nouveaux arrivants qui souhaitent construire leur avenir dans cette merveilleuse province. Alors n&#8217;h\u00e9sitez plus et sautez dans l&#8217;aventure qu\u00e9b\u00e9coise, o\u00f9 chaque jour apporte son lot de d\u00e9couvertes et de possibilit\u00e9s de r\u00e9ussite.<\/p>\t\t\t\t\t\t<\/div>\n\t\t\t\t<\/div>\n\t\t\t\t<\/div>\n\t\t\t\t\t<\/div>\n\t\t\t\t<\/div>\n\t\t<div class=\"elementor-element elementor-element-4005e4f e-flex e-con-boxed e-con e-parent\" data-id=\"4005e4f\" data-element_type=\"container\">\n\t\t\t\t\t<div class=\"e-con-inner\">\n\t\t\t\t<div class=\"elementor-element elementor-element-ab2fdd7 elementor-widget elementor-widget-heading\" data-id=\"ab2fdd7\" data-element_type=\"widget\" data-widget_type=\"heading.default\">\n\t\t\t\t<div class=\"elementor-widget-container\">\n\t\t\t<h2 class=\"elementor-heading-title elementor-size-default\">Objectif du programme<\/h2>\t\t<\/div>\n\t\t\t\t<\/div>\n\t\t\t\t<div class=\"elementor-element elementor-element-a6a3362 elementor-widget elementor-widget-text-editor\" data-id=\"a6a3362\" data-element_type=\"widget\" data-widget_type=\"text-editor.default\">\n\t\t\t\t<div class=\"elementor-widget-container\">\n\t\t\t\t\t\t\t<div id=\"c135780\" class=\" frame frame-default frame-type-textmedia frame-layout-0\"><p><span style=\"font-size: 16px;\">Le Programme des travailleurs \u00e9trangers temporaires (PTET) permet aux employeurs canadiens de vous embaucher comme travailleuse ou travailleur \u00e9tranger temporaire. Pour cela, vous et votre employeur devez respecter certaines conditions.<\/span><\/p><div class=\"ce-textpic ce-left ce-above\"><div class=\"ce-bodytext\"><p>Le programme comprend les volets suivants<span class=\"nbsp\">\u00a0<\/span>:<\/p><ul><li>Talents mondiaux;<\/li><li>Postes \u00e0 haut salaire;<\/li><li>Postes \u00e0 bas salaire;<\/li><li>Travailleurs temporaires.<\/li><\/ul><p>Votre employeur est responsable de d\u00e9terminer \u00e0 quel volet correspond l\u2019emploi qu\u2019il vous propose.<\/p><p>Votre employeur doit ensuite g\u00e9n\u00e9ralement<span class=\"nbsp\">\u00a0<\/span>:<\/p><ul><li>Obtenir une \u00e9valuation positive des effets de l\u2019offre d\u2019emploi sur le march\u00e9 du travail au Qu\u00e9bec aupr\u00e8s du gouvernement du Qu\u00e9bec;<\/li><li>Obtenir une \u00e9valuation de l\u2019impact sur le march\u00e9 du travail (EIMT) positive aupr\u00e8s du gouvernement du Canada.<\/li><\/ul><\/div><\/div><\/div><div id=\"c135781\" class=\" frame frame-default frame-type-textmedia frame-layout-0\"><div class=\"ce-textpic ce-left ce-above\"><div class=\"ce-bodytext\">\u00a0<\/div><\/div><\/div>\t\t\t\t\t\t<\/div>\n\t\t\t\t<\/div>\n\t\t\t\t<div class=\"elementor-element elementor-element-186eb48 elementor-widget elementor-widget-heading\" data-id=\"186eb48\" data-element_type=\"widget\" data-widget_type=\"heading.default\">\n\t\t\t\t<div class=\"elementor-widget-container\">\n\t\t\t<h2 class=\"elementor-heading-title elementor-size-default\">Autorisations \u00e0 obtenir par les travailleurs<\/h2>\t\t<\/div>\n\t\t\t\t<\/div>\n\t\t\t\t<div class=\"elementor-element elementor-element-3d56d9b elementor-widget elementor-widget-text-editor\" data-id=\"3d56d9b\" data-element_type=\"widget\" data-widget_type=\"text-editor.default\">\n\t\t\t\t<div class=\"elementor-widget-container\">\n\t\t\t\t\t\t\t<div id=\"c135780\" class=\" frame frame-default frame-type-textmedia frame-layout-0\">\u00a0<\/div><div id=\"c135781\" class=\" frame frame-default frame-type-textmedia frame-layout-0\"><p><span style=\"font-size: 16px;\">De fa\u00e7on g\u00e9n\u00e9rale, vous devez obtenir les documents suivants pour venir travailler temporairement au Qu\u00e9bec<\/span><span class=\"nbsp\" style=\"font-size: 16px;\">\u00a0<\/span><span style=\"font-size: 16px;\">:<\/span><\/p><div class=\"ce-textpic ce-left ce-above\"><div class=\"ce-bodytext\"><ul><li>Un Certificat d\u2019acceptation du Qu\u00e9bec (CAQ), d\u00e9livr\u00e9 par le gouvernement du Qu\u00e9bec;<\/li><li>Un permis de travail, d\u00e9livr\u00e9 par le gouvernement du Canada.<\/li><\/ul><\/div><\/div><\/div>\t\t\t\t\t\t<\/div>\n\t\t\t\t<\/div>\n\t\t\t\t<div class=\"elementor-element elementor-element-e9cd977 elementor-align-center elementor-widget elementor-widget-button\" data-id=\"e9cd977\" data-element_type=\"widget\" data-widget_type=\"button.default\">\n\t\t\t\t<div class=\"elementor-widget-container\">\n\t\t\t\t\t<div class=\"elementor-button-wrapper\">\n\t\t\t<a class=\"elementor-button elementor-button-link elementor-size-lg\" href=\"https:\/\/forms.monday.com\/forms\/0729c5bbbb642932cfad57cb8f2f85b2?r=use1\" target=\"_blank\">\n\t\t\t\t\t\t<span class=\"elementor-button-content-wrapper\">\n\t\t\t\t\t\t<span class=\"elementor-button-icon\">\n\t\t\t\t<svg aria-hidden=\"true\" class=\"e-font-icon-svg e-fas-file-signature\" viewBox=\"0 0 576 512\" xmlns=\"http:\/\/www.w3.org\/2000\/svg\"><path d=\"M218.17 424.14c-2.95-5.92-8.09-6.52-10.17-6.52s-7.22.59-10.02 6.19l-7.67 15.34c-6.37 12.78-25.03 11.37-29.48-2.09L144 386.59l-10.61 31.88c-5.89 17.66-22.38 29.53-41 29.53H80c-8.84 0-16-7.16-16-16s7.16-16 16-16h12.39c4.83 0 9.11-3.08 10.64-7.66l18.19-54.64c3.3-9.81 12.44-16.41 22.78-16.41s19.48 6.59 22.77 16.41l13.88 41.64c19.75-16.19 54.06-9.7 66 14.16 1.89 3.78 5.49 5.95 9.36 6.26v-82.12l128-127.09V160H248c-13.2 0-24-10.8-24-24V0H24C10.7 0 0 10.7 0 24v464c0 13.3 10.7 24 24 24h336c13.3 0 24-10.7 24-24v-40l-128-.11c-16.12-.31-30.58-9.28-37.83-23.75zM384 121.9c0-6.3-2.5-12.4-7-16.9L279.1 7c-4.5-4.5-10.6-7-17-7H256v128h128v-6.1zm-96 225.06V416h68.99l161.68-162.78-67.88-67.88L288 346.96zm280.54-179.63l-31.87-31.87c-9.94-9.94-26.07-9.94-36.01 0l-27.25 27.25 67.88 67.88 27.25-27.25c9.95-9.94 9.95-26.07 0-36.01z\"><\/path><\/svg>\t\t\t<\/span>\n\t\t\t\t\t\t\t\t\t<span class=\"elementor-button-text\">Posez votre candidature<\/span>\n\t\t\t\t\t<\/span>\n\t\t\t\t\t<\/a>\n\t\t<\/div>\n\t\t\t\t<\/div>\n\t\t\t\t<\/div>\n\t\t\t\t\t<\/div>\n\t\t\t\t<\/div>\n\t\t\t\t<\/div>\n\t\t","protected":false},"excerpt":{"rendered":"<p>Programme canadien PTET (Le programme des travailleurs \u00e9trangers temporaires) Le nouveau programme canadien PTET, qui vise \u00e0 faciliter l&#8217;immigration au Qu\u00e9bec, offre de nombreuses opportunit\u00e9s pour les personnes qui souhaitent s&#8217;\u00e9tablir dans cette magnifique province francophone. Gr\u00e2ce \u00e0 cet accord unique entre le Canada et le Qu\u00e9bec, les immigrants ont la possibilit\u00e9 de vivre dans &hellip;<\/p>\n<p class=\"read-more\"> <a class=\"\" href=\"https:\/\/embauche-internationale.ca\/employe\/programme-ptet\/\"> <span class=\"screen-reader-text\">Programme PTET<\/span> Lire la suite\u00a0\u00bb<\/a><\/p>\n","protected":false},"author":3,"featured_media":0,"parent":0,"menu_order":0,"comment_status":"closed","ping_status":"closed","template":"","meta":{"site-sidebar-layout":"no-sidebar","site-content-layout":"page-builder","ast-site-content-layout":"full-width-container","site-content-style":"unboxed","site-sidebar-style":"unboxed","ast-global-header-display":"","ast-banner-title-visibility":"","ast-main-header-display":"","ast-hfb-above-header-display":"","ast-hfb-below-header-display":"","ast-hfb-mobile-header-display":"","site-post-title":"disabled","ast-breadcrumbs-content":"","ast-featured-img":"disabled","footer-sml-layout":"","theme-transparent-header-meta":"default","adv-header-id-meta":"","stick-header-meta":"","header-above-stick-meta":"","header-main-stick-meta":"","header-below-stick-meta":"","astra-migrate-meta-layouts":"set","ast-page-background-enabled":"default","ast-page-background-meta":{"desktop":{"background-color":"var(--ast-global-color-4)","background-image":"","background-repeat":"repeat","background-position":"center center","background-size":"auto","background-attachment":"scroll","background-type":"","background-media":"","overlay-type":"","overlay-color":"","overlay-gradient":""},"tablet":{"background-color":"","background-image":"","background-repeat":"repeat","background-position":"center center","background-size":"auto","background-attachment":"scroll","background-type":"","background-media":"","overlay-type":"","overlay-color":"","overlay-gradient":""},"mobile":{"background-color":"","background-image":"","background-repeat":"repeat","background-position":"center center","background-size":"auto","background-attachment":"scroll","background-type":"","background-media":"","overlay-type":"","overlay-color":"","overlay-gradient":""}},"ast-content-background-meta":{"desktop":{"background-color":"var(--ast-global-color-5)","background-image":"","background-repeat":"repeat","background-position":"center center","background-size":"auto","background-attachment":"scroll","background-type":"","background-media":"","overlay-type":"","overlay-color":"","overlay-gradient":""},"tablet":{"background-color":"var(--ast-global-color-5)","background-image":"","background-repeat":"repeat","background-position":"center center","background-size":"auto","background-attachment":"scroll","background-type":"","background-media":"","overlay-type":"","overlay-color":"","overlay-gradient":""},"mobile":{"background-color":"var(--ast-global-color-5)","background-image":"","background-repeat":"repeat","background-position":"center center","background-size":"auto","background-attachment":"scroll","background-type":"","background-media":"","overlay-type":"","overlay-color":"","overlay-gradient":""}},"footnotes":""},"class_list":["post-1952","page","type-page","status-publish","hentry"],"_links":{"self":[{"href":"https:\/\/embauche-internationale.ca\/employe\/wp-json\/wp\/v2\/pages\/1952","targetHints":{"allow":["GET"]}}],"collection":[{"href":"https:\/\/embauche-internationale.ca\/employe\/wp-json\/wp\/v2\/pages"}],"about":[{"href":"https:\/\/embauche-internationale.ca\/employe\/wp-json\/wp\/v2\/types\/page"}],"author":[{"embeddable":true,"href":"https:\/\/embauche-internationale.ca\/employe\/wp-json\/wp\/v2\/users\/3"}],"replies":[{"embeddable":true,"href":"https:\/\/embauche-internationale.ca\/employe\/wp-json\/wp\/v2\/comments?post=1952"}],"version-history":[{"count":23,"href":"https:\/\/embauche-internationale.ca\/employe\/wp-json\/wp\/v2\/pages\/1952\/revisions"}],"predecessor-version":[{"id":2643,"href":"https:\/\/embauche-internationale.ca\/employe\/wp-json\/wp\/v2\/pages\/1952\/revisions\/2643"}],"wp:attachment":[{"href":"https:\/\/embauche-internationale.ca\/employe\/wp-json\/wp\/v2\/media?parent=1952"}],"curies":[{"name":"wp","href":"https:\/\/api.w.org\/{rel}","templated":true}]}}